{"id":9,"date":"2026-01-07T17:53:43","date_gmt":"2026-01-07T17:53:43","guid":{"rendered":"http:\/\/www.sahidimolsun.com\/?page_id=9"},"modified":"2026-01-11T13:17:07","modified_gmt":"2026-01-11T13:17:07","slug":"onsoz","status":"publish","type":"page","link":"https:\/\/www.sahidimolsun.com\/index.php\/onsoz\/","title":{"rendered":"\u00d6ns\u00f6z"},"content":{"rendered":"\n<h3 class=\"wp-block-heading\"><strong>Bur\u00fbc Suresi, 3. Ayet<\/strong><br><em><strong>\u201c\u015eahit olana ve \u015fahit olunana and olsun.\u201d<\/strong><\/em><\/h3>\n\n\n\n<p>Bir ilahiyat\u00e7\u0131ya, \u201cNeden tefsir yaz\u0131yorsunuz?\u201d diye soruldu\u011funda \u015fu cevab\u0131 vermi\u015fti: <strong>\u201cYazd\u0131klar\u0131m \u015fahidim olsun.\u201d<\/strong> Bu, \u00e7ok g\u00fc\u00e7l\u00fc bir cevapt\u0131. Muhtemelen Bur\u00fbc Suresi\u2019nin bu ayetinden kendi pay\u0131na d\u00fc\u015feni alm\u0131\u015ft\u0131.<\/p>\n\n\n\n<p>Bu sitede yazacaklar\u0131m\u0131n amac\u0131 da ayn\u0131d\u0131r. Yar\u0131n sorguland\u0131\u011f\u0131mda, <strong>\u201cGayret ettim\u201d<\/strong> diyebilmek i\u00e7indir.<\/p>\n\n\n\n<h3 class=\"wp-block-heading\">Ne yap\u0131yorum?<\/h3>\n\n\n\n<ul class=\"wp-block-list\">\n<li>Ayetlerin mealini okuyorum.<\/li>\n\n\n\n<li>Kelime kelime terc\u00fcme yapan kaynaklara bak\u0131yorum.<\/li>\n\n\n\n<li>O kelimenin veya tamlaman\u0131n ba\u015fka anlamlar\u0131 olabilir mi diye ara\u015ft\u0131r\u0131yorum.<\/li>\n\n\n\n<li>Bu anlamlar\u0131n d\u00fcnya, hayat, do\u011fa ile bir ili\u015fkisi olabilir mi sorusunu soruyorum.<\/li>\n<\/ul>\n\n\n\n<p>Yazd\u0131klar\u0131m nedir?<\/p>\n\n\n\n<p><strong>A\u00e7\u0131k kaynaklardan, \u00f6zellikle dijital arama ara\u00e7lar\u0131ndan faydalanarak ula\u015ft\u0131\u011f\u0131m bilgilerle d\u00fc\u015f\u00fcnd\u00fcklerimdir.<\/strong><\/p>\n\n\n\n<h3 class=\"wp-block-heading\">Peki, yazd\u0131klar\u0131m ne de\u011fildir?<\/h3>\n\n\n\n<ul class=\"wp-block-list\">\n<li>Bir <strong>tefsir \u00e7al\u0131\u015fmas\u0131<\/strong> de\u011fildir.<\/li>\n\n\n\n<li>\u00d6\u011fretme, y\u00f6nlendirme ya da <strong>h\u00fck\u00fcm verme<\/strong> niyeti ta\u015f\u0131maz.<\/li>\n\n\n\n<li>Ba\u011flay\u0131c\u0131 de\u011fildir; hatta <strong>do\u011fru oldu\u011fu iddias\u0131 da yoktur<\/strong>.<\/li>\n\n\n\n<li>\u0130lk benim d\u00fc\u015f\u00fcnd\u00fc\u011f\u00fcm \u015feyler olmayabilir. Denk gelmemi\u015fimdir. Ama birisinden koypa de\u011fildir.<\/li>\n<\/ul>\n\n\n\n<p><\/p>\n\n\n\n<p><\/p>\n","protected":false},"excerpt":{"rendered":"<p>Bur\u00fbc Suresi, 3. Ayet\u201c\u015eahit olana ve \u015fahit olunana and olsun.\u201d Bir ilahiyat\u00e7\u0131ya, \u201cNeden tefsir yaz\u0131yorsunuz?\u201d diye soruldu\u011funda \u015fu cevab\u0131 vermi\u015fti: \u201cYazd\u0131klar\u0131m \u015fahidim olsun.\u201d Bu, \u00e7ok g\u00fc\u00e7l\u00fc bir cevapt\u0131. Muhtemelen Bur\u00fbc Suresi\u2019nin bu ayetinden kendi pay\u0131na d\u00fc\u015feni alm\u0131\u015ft\u0131. Bu sitede yazacaklar\u0131m\u0131n amac\u0131 da ayn\u0131d\u0131r. Yar\u0131n sorguland\u0131\u011f\u0131mda, \u201cGayret ettim\u201d diyebilmek i\u00e7indir. Ne yap\u0131yorum? Yazd\u0131klar\u0131m nedir? A\u00e7\u0131k kaynaklardan, [&hellip;]<\/p>\n","protected":false},"author":1,"featured_media":0,"parent":0,"menu_order":0,"comment_status":"closed","ping_status":"closed","template":"","meta":{"footnotes":""},"class_list":["post-9","page","type-page","status-publish","hentry"],"yoast_head":"<!-- This site is optimized with the Yoast SEO plugin v27.4 - https:\/\/yoast.com\/product\/yoast-seo-wordpress\/ -->\n<title>\u00d6ns\u00f6z - sahidimolsun<\/title>\n<meta name=\"robots\" content=\"index, follow, max-snippet:-1, max-image-preview:large, max-video-preview:-1\" \/>\n<link rel=\"canonical\" href=\"https:\/\/www.sahidimolsun.com\/index.php\/onsoz\/\" \/>\n<meta property=\"og:locale\" content=\"tr_TR\" \/>\n<meta property=\"og:type\" content=\"article\" \/>\n<meta property=\"og:title\" content=\"\u00d6ns\u00f6z - sahidimolsun\" \/>\n<meta property=\"og:description\" content=\"Bur\u00fbc Suresi, 3. Ayet\u201c\u015eahit olana ve \u015fahit olunana and olsun.\u201d Bir ilahiyat\u00e7\u0131ya, \u201cNeden tefsir yaz\u0131yorsunuz?\u201d diye soruldu\u011funda \u015fu cevab\u0131 vermi\u015fti: \u201cYazd\u0131klar\u0131m \u015fahidim olsun.\u201d Bu, \u00e7ok g\u00fc\u00e7l\u00fc bir cevapt\u0131. Muhtemelen Bur\u00fbc Suresi\u2019nin bu ayetinden kendi pay\u0131na d\u00fc\u015feni alm\u0131\u015ft\u0131. Bu sitede yazacaklar\u0131m\u0131n amac\u0131 da ayn\u0131d\u0131r. Yar\u0131n sorguland\u0131\u011f\u0131mda, \u201cGayret ettim\u201d diyebilmek i\u00e7indir. Ne yap\u0131yorum? Yazd\u0131klar\u0131m nedir? A\u00e7\u0131k kaynaklardan, [&hellip;]\" \/>\n<meta property=\"og:url\" content=\"https:\/\/www.sahidimolsun.com\/index.php\/onsoz\/\" \/>\n<meta property=\"og:site_name\" content=\"sahidimolsun\" \/>\n<meta property=\"article:modified_time\" content=\"2026-01-11T13:17:07+00:00\" \/>\n<meta name=\"twitter:card\" content=\"summary_large_image\" \/>\n<meta name=\"twitter:label1\" content=\"Tahmini okuma s\u00fcresi\" \/>\n\t<meta name=\"twitter:data1\" content=\"1 dakika\" \/>\n<script type=\"application\/ld+json\" class=\"yoast-schema-graph\">{\"@context\":\"https:\\\/\\\/schema.org\",\"@graph\":[{\"@type\":\"WebPage\",\"@id\":\"https:\\\/\\\/www.sahidimolsun.com\\\/index.php\\\/onsoz\\\/\",\"url\":\"https:\\\/\\\/www.sahidimolsun.com\\\/index.php\\\/onsoz\\\/\",\"name\":\"\u00d6ns\u00f6z - sahidimolsun\",\"isPartOf\":{\"@id\":\"https:\\\/\\\/www.sahidimolsun.com\\\/#website\"},\"datePublished\":\"2026-01-07T17:53:43+00:00\",\"dateModified\":\"2026-01-11T13:17:07+00:00\",\"breadcrumb\":{\"@id\":\"https:\\\/\\\/www.sahidimolsun.com\\\/index.php\\\/onsoz\\\/#breadcrumb\"},\"inLanguage\":\"tr\",\"potentialAction\":[{\"@type\":\"ReadAction\",\"target\":[\"https:\\\/\\\/www.sahidimolsun.com\\\/index.php\\\/onsoz\\\/\"]}]},{\"@type\":\"BreadcrumbList\",\"@id\":\"https:\\\/\\\/www.sahidimolsun.com\\\/index.php\\\/onsoz\\\/#breadcrumb\",\"itemListElement\":[{\"@type\":\"ListItem\",\"position\":1,\"name\":\"Anasayfa\",\"item\":\"https:\\\/\\\/www.sahidimolsun.com\\\/\"},{\"@type\":\"ListItem\",\"position\":2,\"name\":\"\u00d6ns\u00f6z\"}]},{\"@type\":\"WebSite\",\"@id\":\"https:\\\/\\\/www.sahidimolsun.com\\\/#website\",\"url\":\"https:\\\/\\\/www.sahidimolsun.com\\\/\",\"name\":\"sahidimolsun\",\"description\":\"Ayetlerdeki kelimelerin d&uuml;\u015f&uuml;nd&uuml;rd&uuml;kleri\",\"publisher\":{\"@id\":\"https:\\\/\\\/www.sahidimolsun.com\\\/#\\\/schema\\\/person\\\/3ab0394aa0043f76650470c8e3a342ff\"},\"potentialAction\":[{\"@type\":\"SearchAction\",\"target\":{\"@type\":\"EntryPoint\",\"urlTemplate\":\"https:\\\/\\\/www.sahidimolsun.com\\\/?s={search_term_string}\"},\"query-input\":{\"@type\":\"PropertyValueSpecification\",\"valueRequired\":true,\"valueName\":\"search_term_string\"}}],\"inLanguage\":\"tr\"},{\"@type\":[\"Person\",\"Organization\"],\"@id\":\"https:\\\/\\\/www.sahidimolsun.com\\\/#\\\/schema\\\/person\\\/3ab0394aa0043f76650470c8e3a342ff\",\"name\":\"admin\",\"image\":{\"@type\":\"ImageObject\",\"inLanguage\":\"tr\",\"@id\":\"https:\\\/\\\/secure.gravatar.com\\\/avatar\\\/f68fa8d4324568242a77f55d4f30fed4f79fb977cc1a97036ff53ec69edeb881?s=96&d=mm&r=g\",\"url\":\"https:\\\/\\\/secure.gravatar.com\\\/avatar\\\/f68fa8d4324568242a77f55d4f30fed4f79fb977cc1a97036ff53ec69edeb881?s=96&d=mm&r=g\",\"contentUrl\":\"https:\\\/\\\/secure.gravatar.com\\\/avatar\\\/f68fa8d4324568242a77f55d4f30fed4f79fb977cc1a97036ff53ec69edeb881?s=96&d=mm&r=g\",\"caption\":\"admin\"},\"logo\":{\"@id\":\"https:\\\/\\\/secure.gravatar.com\\\/avatar\\\/f68fa8d4324568242a77f55d4f30fed4f79fb977cc1a97036ff53ec69edeb881?s=96&d=mm&r=g\"},\"sameAs\":[\"http:\\\/\\\/www.sahidimolsun.com\"]}]}<\/script>\n<!-- \/ Yoast SEO plugin. -->","yoast_head_json":{"title":"\u00d6ns\u00f6z - sahidimolsun","robots":{"index":"index","follow":"follow","max-snippet":"max-snippet:-1","max-image-preview":"max-image-preview:large","max-video-preview":"max-video-preview:-1"},"canonical":"https:\/\/www.sahidimolsun.com\/index.php\/onsoz\/","og_locale":"tr_TR","og_type":"article","og_title":"\u00d6ns\u00f6z - sahidimolsun","og_description":"Bur\u00fbc Suresi, 3. Ayet\u201c\u015eahit olana ve \u015fahit olunana and olsun.\u201d Bir ilahiyat\u00e7\u0131ya, \u201cNeden tefsir yaz\u0131yorsunuz?\u201d diye soruldu\u011funda \u015fu cevab\u0131 vermi\u015fti: \u201cYazd\u0131klar\u0131m \u015fahidim olsun.\u201d Bu, \u00e7ok g\u00fc\u00e7l\u00fc bir cevapt\u0131. Muhtemelen Bur\u00fbc Suresi\u2019nin bu ayetinden kendi pay\u0131na d\u00fc\u015feni alm\u0131\u015ft\u0131. Bu sitede yazacaklar\u0131m\u0131n amac\u0131 da ayn\u0131d\u0131r. Yar\u0131n sorguland\u0131\u011f\u0131mda, \u201cGayret ettim\u201d diyebilmek i\u00e7indir. Ne yap\u0131yorum? Yazd\u0131klar\u0131m nedir? A\u00e7\u0131k kaynaklardan, [&hellip;]","og_url":"https:\/\/www.sahidimolsun.com\/index.php\/onsoz\/","og_site_name":"sahidimolsun","article_modified_time":"2026-01-11T13:17:07+00:00","twitter_card":"summary_large_image","twitter_misc":{"Tahmini okuma s\u00fcresi":"1 dakika"},"schema":{"@context":"https:\/\/schema.org","@graph":[{"@type":"WebPage","@id":"https:\/\/www.sahidimolsun.com\/index.php\/onsoz\/","url":"https:\/\/www.sahidimolsun.com\/index.php\/onsoz\/","name":"\u00d6ns\u00f6z - sahidimolsun","isPartOf":{"@id":"https:\/\/www.sahidimolsun.com\/#website"},"datePublished":"2026-01-07T17:53:43+00:00","dateModified":"2026-01-11T13:17:07+00:00","breadcrumb":{"@id":"https:\/\/www.sahidimolsun.com\/index.php\/onsoz\/#breadcrumb"},"inLanguage":"tr","potentialAction":[{"@type":"ReadAction","target":["https:\/\/www.sahidimolsun.com\/index.php\/onsoz\/"]}]},{"@type":"BreadcrumbList","@id":"https:\/\/www.sahidimolsun.com\/index.php\/onsoz\/#breadcrumb","itemListElement":[{"@type":"ListItem","position":1,"name":"Anasayfa","item":"https:\/\/www.sahidimolsun.com\/"},{"@type":"ListItem","position":2,"name":"\u00d6ns\u00f6z"}]},{"@type":"WebSite","@id":"https:\/\/www.sahidimolsun.com\/#website","url":"https:\/\/www.sahidimolsun.com\/","name":"sahidimolsun","description":"Ayetlerdeki kelimelerin d&uuml;\u015f&uuml;nd&uuml;rd&uuml;kleri","publisher":{"@id":"https:\/\/www.sahidimolsun.com\/#\/schema\/person\/3ab0394aa0043f76650470c8e3a342ff"},"potentialAction":[{"@type":"SearchAction","target":{"@type":"EntryPoint","urlTemplate":"https:\/\/www.sahidimolsun.com\/?s={search_term_string}"},"query-input":{"@type":"PropertyValueSpecification","valueRequired":true,"valueName":"search_term_string"}}],"inLanguage":"tr"},{"@type":["Person","Organization"],"@id":"https:\/\/www.sahidimolsun.com\/#\/schema\/person\/3ab0394aa0043f76650470c8e3a342ff","name":"admin","image":{"@type":"ImageObject","inLanguage":"tr","@id":"https:\/\/secure.gravatar.com\/avatar\/f68fa8d4324568242a77f55d4f30fed4f79fb977cc1a97036ff53ec69edeb881?s=96&d=mm&r=g","url":"https:\/\/secure.gravatar.com\/avatar\/f68fa8d4324568242a77f55d4f30fed4f79fb977cc1a97036ff53ec69edeb881?s=96&d=mm&r=g","contentUrl":"https:\/\/secure.gravatar.com\/avatar\/f68fa8d4324568242a77f55d4f30fed4f79fb977cc1a97036ff53ec69edeb881?s=96&d=mm&r=g","caption":"admin"},"logo":{"@id":"https:\/\/secure.gravatar.com\/avatar\/f68fa8d4324568242a77f55d4f30fed4f79fb977cc1a97036ff53ec69edeb881?s=96&d=mm&r=g"},"sameAs":["http:\/\/www.sahidimolsun.com"]}]}},"_links":{"self":[{"href":"https:\/\/www.sahidimolsun.com\/index.php\/wp-json\/wp\/v2\/pages\/9","targetHints":{"allow":["GET"]}}],"collection":[{"href":"https:\/\/www.sahidimolsun.com\/index.php\/wp-json\/wp\/v2\/pages"}],"about":[{"href":"https:\/\/www.sahidimolsun.com\/index.php\/wp-json\/wp\/v2\/types\/page"}],"author":[{"embeddable":true,"href":"https:\/\/www.sahidimolsun.com\/index.php\/wp-json\/wp\/v2\/users\/1"}],"replies":[{"embeddable":true,"href":"https:\/\/www.sahidimolsun.com\/index.php\/wp-json\/wp\/v2\/comments?post=9"}],"version-history":[{"count":6,"href":"https:\/\/www.sahidimolsun.com\/index.php\/wp-json\/wp\/v2\/pages\/9\/revisions"}],"predecessor-version":[{"id":31,"href":"https:\/\/www.sahidimolsun.com\/index.php\/wp-json\/wp\/v2\/pages\/9\/revisions\/31"}],"wp:attachment":[{"href":"https:\/\/www.sahidimolsun.com\/index.php\/wp-json\/wp\/v2\/media?parent=9"}],"curies":[{"name":"wp","href":"https:\/\/api.w.org\/{rel}","templated":true}]}}