{"id":32,"date":"2026-01-11T13:27:05","date_gmt":"2026-01-11T13:27:05","guid":{"rendered":"https:\/\/www.sahidimolsun.com\/?page_id=32"},"modified":"2026-01-11T13:27:06","modified_gmt":"2026-01-11T13:27:06","slug":"huzmeze-7","status":"publish","type":"page","link":"https:\/\/www.sahidimolsun.com\/index.php\/huzmeze-7\/","title":{"rendered":"H\u00fczmeze 7"},"content":{"rendered":"\n<p><strong>O (ate\u015f) ki kalplerin \u00fczerinde y\u00fckselir<\/strong>.<\/p>\n\n\n\n<p class=\"has-medium-font-size\">Ate\u015f ile kalp aras\u0131nda bir ili\u015fki olup olmad\u0131\u011f\u0131 sorusu, ilk bak\u0131\u015fta mecaz gibi g\u00f6r\u00fcn\u00fcyor. Ancak biraz detaya indi\u011fimde, bu ili\u015fkinin yaln\u0131zca mecaz olmad\u0131\u011f\u0131n\u0131, fizyolojik ve fiziksel bir kar\u015f\u0131l\u0131\u011f\u0131n\u0131n da bulunabilece\u011fine kanaat getirdim.<\/p>\n\n\n\n<p class=\"has-medium-font-size\">S\u00f6z konusu olan ate\u015f, bildi\u011fimiz kimyasal yanma ate\u015fi olmayabilir. Kalpte s\u00f6z konusu olan, elektriksel mikro k\u0131v\u0131lc\u0131mlar \u015feklinde ortaya \u00e7\u0131kan, s\u00fcrekli ve ritmik bir enerji \u00fcretimidir.<\/p>\n\n\n\n<p class=\"has-medium-font-size\">Kalp kas\u0131, komut beklemeden kendili\u011finden elektrik \u00fcretebilen \u00f6zel h\u00fccrelere sahiptir. Bu h\u00fccrelerde olu\u015fan elektriksel k\u0131v\u0131lc\u0131m; ani bir y\u00fckselme, ard\u0131ndan s\u00f6nme ve tekrar y\u00fckselme \u015feklinde devam eden d\u00f6ng\u00fcsel bir yap\u0131ya sahiptir. Bu d\u00f6ng\u00fc, insan ya\u015fam\u0131 boyunca kesintisiz \u015fekilde s\u00fcrer.<\/p>\n\n\n\n<p class=\"has-medium-font-size\">Kalbin her at\u0131m\u0131nda \u00fcretilen bu elektriksel sinyal, fiziksel bir manyetik alan olu\u015fturmaktad\u0131r. Olu\u015fan manyetik alan\u0131n g\u00fcc\u00fc, yaln\u0131zca kalbin i\u00e7inde s\u0131n\u0131rl\u0131 kalmaz; bedenin d\u0131\u015f\u0131na ta\u015far. Yap\u0131lan \u00f6l\u00e7\u00fcmlerde, bu alan\u0131n g\u00f6\u011f\u00fcs d\u0131\u015f\u0131ndan yakla\u015f\u0131k 1\u20133 metre mesafede fiziksel olarak tespit edilebildi\u011fi g\u00f6r\u00fclm\u00fc\u015ft\u00fcr.<\/p>\n\n\n\n<p class=\"has-medium-font-size\">Bu \u00f6l\u00e7\u00fcmler, 10\u207b\u00b9\u2075 Tesla (femtotesla) d\u00fczeyinde hassasiyet sa\u011flayabilen SQUID sens\u00f6rleri (Superconducting Quantum Interference Device) kullan\u0131larak ger\u00e7ekle\u015ftirilmi\u015ftir. Bu cihazlarla kalbin \u00fcretti\u011fi manyetik alan net bi\u00e7imde alg\u0131lanm\u0131\u015ft\u0131r. \u0130nsan beyniyle k\u0131yasland\u0131\u011f\u0131nda, kalbin \u00fcretti\u011fi elektriksel sinyalin yakla\u015f\u0131k 60 kat, manyetik alan\u0131n ise yakla\u015f\u0131k 100 kat daha g\u00fc\u00e7l\u00fc oldu\u011fu tespit edilmi\u015ftir.<\/p>\n\n\n\n<figure class=\"wp-block-image size-full\"><img loading=\"lazy\" decoding=\"async\" width=\"794\" height=\"511\" src=\"https:\/\/www.sahidimolsun.com\/wp-content\/uploads\/2026\/01\/kapl-elektromanyetik.jpg\" alt=\"\" class=\"wp-image-33\" srcset=\"https:\/\/www.sahidimolsun.com\/wp-content\/uploads\/2026\/01\/kapl-elektromanyetik.jpg 794w, https:\/\/www.sahidimolsun.com\/wp-content\/uploads\/2026\/01\/kapl-elektromanyetik-300x193.jpg 300w, https:\/\/www.sahidimolsun.com\/wp-content\/uploads\/2026\/01\/kapl-elektromanyetik-768x494.jpg 768w\" sizes=\"auto, (max-width: 794px) 100vw, 794px\" \/><\/figure>\n\n\n\n<p class=\"has-medium-font-size\">\u00d6l\u00e7\u00fcmler yaln\u0131zca alan\u0131n varl\u0131\u011f\u0131n\u0131 de\u011fil, alan\u0131n de\u011fi\u015fkenli\u011fini de ortaya koymu\u015ftur. Kalbin olu\u015fturdu\u011fu elektromanyetik alan sabit de\u011fildir; ritim, d\u00fczen ve desen bak\u0131m\u0131ndan s\u00fcrekli de\u011fi\u015fir. Bu de\u011fi\u015fkenli\u011fi etkileyen fakt\u00f6rler aras\u0131nda duygusal h\u00e2l \u00f6zellikle dikkat \u00e7ekicidir.<\/p>\n\n\n\n<p class=\"has-medium-font-size\">Kalp, hissedilen duygusal duruma kar\u015f\u0131l\u0131k vermekte ve bu durumu elektriksel ritmi arac\u0131l\u0131\u011f\u0131yla yans\u0131tmaktad\u0131r. Olu\u015fan alan yaln\u0131zca kalpte kalmamakta, yak\u0131n \u00e7evreye yay\u0131lmaktad\u0131r. Bu nedenle, kalbin olu\u015fturdu\u011fu alan\u0131n, yak\u0131n\u0131nda bulunan di\u011fer insanlar\u0131n alanlar\u0131n\u0131 da etkileyebildi\u011fi g\u00f6zlemlenmi\u015ftir.<\/p>\n\n\n\n<figure class=\"wp-block-image size-full\"><img loading=\"lazy\" decoding=\"async\" width=\"722\" height=\"460\" src=\"https:\/\/www.sahidimolsun.com\/wp-content\/uploads\/2026\/01\/rtyhm-patterns.jpg\" alt=\"\" class=\"wp-image-34\" srcset=\"https:\/\/www.sahidimolsun.com\/wp-content\/uploads\/2026\/01\/rtyhm-patterns.jpg 722w, https:\/\/www.sahidimolsun.com\/wp-content\/uploads\/2026\/01\/rtyhm-patterns-300x191.jpg 300w\" sizes=\"auto, (max-width: 722px) 100vw, 722px\" \/><\/figure>\n\n\n\n<p class=\"has-medium-font-size\">Kalabal\u0131k topluluklarda bireylerin kalp ritimlerinin ve otonom sinir sistemi tepkilerinin senkronize olmas\u0131na \u201ccemaat alan\u0131\u201d ad\u0131 verilmektedir. Bu durumda cemaatten bir veya birka\u00e7 ki\u015finin sakinli\u011fi, di\u011ferlerinin de sakinle\u015fmesine yol a\u00e7abilmekte; buna kar\u015f\u0131l\u0131k korku, panik veya huzursuzluk h\u00e2li de ayn\u0131 \u015fekilde yay\u0131labilmektedir<\/p>\n\n\n\n<h2 class=\"wp-block-heading has-large-font-size\"><strong>Kendimi ba\u011flayan ki\u015fisel okuma<\/strong><\/h2>\n\n\n\n<p class=\"has-medium-font-size\">Ayet cehennem ate\u015finin kalpler \u00fczerinde y\u00fckselece\u011fini s\u00f6yl\u00fcyor. Yap\u0131lan tefsir ve meallerdeki anlamlar\u0131n d\u0131\u015f\u0131nda;<\/p>\n\n\n\n<p class=\"has-medium-font-size\">Cehennemdeki azab\u0131n bireylerde yarataca\u011f\u0131 ruh hali ve ac\u0131 duygusunun cehennem i\u00e7indekilere yay\u0131laca\u011f\u0131 ve bir cemaat alan\u0131 olu\u015fturaca\u011f\u0131 anlat\u0131lmak isteniyor olabilir mi? E\u011fer bu do\u011fruysa bu alan\u0131n panik, korku, ac\u0131 vs. duygular\u0131 yayarak cehennemliklerin ruh halini kaosa \u00e7evirece\u011fi s\u00f6ylenebilir mi? Ve ya\u015fanacak bu durumun kalplerin duruma verece\u011fi tepkiyle ba\u015flayaca\u011f\u0131 ve yay\u0131larak devam edece\u011fi \u00e7\u0131kar\u0131m\u0131 yap\u0131labilir mi?<\/p>\n","protected":false},"excerpt":{"rendered":"<p>O (ate\u015f) ki kalplerin \u00fczerinde y\u00fckselir. Ate\u015f ile kalp aras\u0131nda bir ili\u015fki olup olmad\u0131\u011f\u0131 sorusu, ilk bak\u0131\u015fta mecaz gibi g\u00f6r\u00fcn\u00fcyor. Ancak biraz detaya indi\u011fimde, bu ili\u015fkinin yaln\u0131zca mecaz olmad\u0131\u011f\u0131n\u0131, fizyolojik ve fiziksel bir kar\u015f\u0131l\u0131\u011f\u0131n\u0131n da bulunabilece\u011fine kanaat getirdim. S\u00f6z konusu olan ate\u015f, bildi\u011fimiz kimyasal yanma ate\u015fi olmayabilir. Kalpte s\u00f6z konusu olan, elektriksel mikro k\u0131v\u0131lc\u0131mlar \u015feklinde [&hellip;]<\/p>\n","protected":false},"author":1,"featured_media":0,"parent":0,"menu_order":0,"comment_status":"closed","ping_status":"closed","template":"","meta":{"footnotes":""},"class_list":["post-32","page","type-page","status-publish","hentry"],"yoast_head":"<!-- This site is optimized with the Yoast SEO plugin v27.4 - https:\/\/yoast.com\/product\/yoast-seo-wordpress\/ -->\n<title>H\u00fczmeze 7 - sahidimolsun<\/title>\n<meta name=\"robots\" content=\"index, follow, max-snippet:-1, max-image-preview:large, max-video-preview:-1\" \/>\n<link rel=\"canonical\" href=\"http:\/\/www.sahidimolsun.com\/index.php\/huzmeze-7\/\" \/>\n<meta property=\"og:locale\" content=\"tr_TR\" \/>\n<meta property=\"og:type\" content=\"article\" \/>\n<meta property=\"og:title\" content=\"H\u00fczmeze 7 - sahidimolsun\" \/>\n<meta property=\"og:description\" content=\"O (ate\u015f) ki kalplerin \u00fczerinde y\u00fckselir. Ate\u015f ile kalp aras\u0131nda bir ili\u015fki olup olmad\u0131\u011f\u0131 sorusu, ilk bak\u0131\u015fta mecaz gibi g\u00f6r\u00fcn\u00fcyor. Ancak biraz detaya indi\u011fimde, bu ili\u015fkinin yaln\u0131zca mecaz olmad\u0131\u011f\u0131n\u0131, fizyolojik ve fiziksel bir kar\u015f\u0131l\u0131\u011f\u0131n\u0131n da bulunabilece\u011fine kanaat getirdim. S\u00f6z konusu olan ate\u015f, bildi\u011fimiz kimyasal yanma ate\u015fi olmayabilir. Kalpte s\u00f6z konusu olan, elektriksel mikro k\u0131v\u0131lc\u0131mlar \u015feklinde [&hellip;]\" \/>\n<meta property=\"og:url\" content=\"http:\/\/www.sahidimolsun.com\/index.php\/huzmeze-7\/\" \/>\n<meta property=\"og:site_name\" content=\"sahidimolsun\" \/>\n<meta property=\"article:modified_time\" content=\"2026-01-11T13:27:06+00:00\" \/>\n<meta property=\"og:image\" content=\"https:\/\/www.sahidimolsun.com\/wp-content\/uploads\/2026\/01\/kapl-elektromanyetik.jpg\" \/>\n<meta name=\"twitter:card\" content=\"summary_large_image\" \/>\n<meta name=\"twitter:label1\" content=\"Tahmini okuma s\u00fcresi\" \/>\n\t<meta name=\"twitter:data1\" content=\"3 dakika\" \/>\n<script type=\"application\/ld+json\" class=\"yoast-schema-graph\">{\"@context\":\"https:\\\/\\\/schema.org\",\"@graph\":[{\"@type\":\"WebPage\",\"@id\":\"http:\\\/\\\/www.sahidimolsun.com\\\/index.php\\\/huzmeze-7\\\/\",\"url\":\"http:\\\/\\\/www.sahidimolsun.com\\\/index.php\\\/huzmeze-7\\\/\",\"name\":\"H\u00fczmeze 7 - sahidimolsun\",\"isPartOf\":{\"@id\":\"https:\\\/\\\/www.sahidimolsun.com\\\/#website\"},\"primaryImageOfPage\":{\"@id\":\"http:\\\/\\\/www.sahidimolsun.com\\\/index.php\\\/huzmeze-7\\\/#primaryimage\"},\"image\":{\"@id\":\"http:\\\/\\\/www.sahidimolsun.com\\\/index.php\\\/huzmeze-7\\\/#primaryimage\"},\"thumbnailUrl\":\"https:\\\/\\\/www.sahidimolsun.com\\\/wp-content\\\/uploads\\\/2026\\\/01\\\/kapl-elektromanyetik.jpg\",\"datePublished\":\"2026-01-11T13:27:05+00:00\",\"dateModified\":\"2026-01-11T13:27:06+00:00\",\"breadcrumb\":{\"@id\":\"http:\\\/\\\/www.sahidimolsun.com\\\/index.php\\\/huzmeze-7\\\/#breadcrumb\"},\"inLanguage\":\"tr\",\"potentialAction\":[{\"@type\":\"ReadAction\",\"target\":[\"http:\\\/\\\/www.sahidimolsun.com\\\/index.php\\\/huzmeze-7\\\/\"]}]},{\"@type\":\"ImageObject\",\"inLanguage\":\"tr\",\"@id\":\"http:\\\/\\\/www.sahidimolsun.com\\\/index.php\\\/huzmeze-7\\\/#primaryimage\",\"url\":\"https:\\\/\\\/www.sahidimolsun.com\\\/wp-content\\\/uploads\\\/2026\\\/01\\\/kapl-elektromanyetik.jpg\",\"contentUrl\":\"https:\\\/\\\/www.sahidimolsun.com\\\/wp-content\\\/uploads\\\/2026\\\/01\\\/kapl-elektromanyetik.jpg\",\"width\":794,\"height\":511},{\"@type\":\"BreadcrumbList\",\"@id\":\"http:\\\/\\\/www.sahidimolsun.com\\\/index.php\\\/huzmeze-7\\\/#breadcrumb\",\"itemListElement\":[{\"@type\":\"ListItem\",\"position\":1,\"name\":\"Anasayfa\",\"item\":\"https:\\\/\\\/www.sahidimolsun.com\\\/\"},{\"@type\":\"ListItem\",\"position\":2,\"name\":\"H\u00fczmeze 7\"}]},{\"@type\":\"WebSite\",\"@id\":\"https:\\\/\\\/www.sahidimolsun.com\\\/#website\",\"url\":\"https:\\\/\\\/www.sahidimolsun.com\\\/\",\"name\":\"sahidimolsun\",\"description\":\"Ayetlerdeki kelimelerin d&uuml;\u015f&uuml;nd&uuml;rd&uuml;kleri\",\"publisher\":{\"@id\":\"https:\\\/\\\/www.sahidimolsun.com\\\/#\\\/schema\\\/person\\\/3ab0394aa0043f76650470c8e3a342ff\"},\"potentialAction\":[{\"@type\":\"SearchAction\",\"target\":{\"@type\":\"EntryPoint\",\"urlTemplate\":\"https:\\\/\\\/www.sahidimolsun.com\\\/?s={search_term_string}\"},\"query-input\":{\"@type\":\"PropertyValueSpecification\",\"valueRequired\":true,\"valueName\":\"search_term_string\"}}],\"inLanguage\":\"tr\"},{\"@type\":[\"Person\",\"Organization\"],\"@id\":\"https:\\\/\\\/www.sahidimolsun.com\\\/#\\\/schema\\\/person\\\/3ab0394aa0043f76650470c8e3a342ff\",\"name\":\"admin\",\"image\":{\"@type\":\"ImageObject\",\"inLanguage\":\"tr\",\"@id\":\"https:\\\/\\\/secure.gravatar.com\\\/avatar\\\/f68fa8d4324568242a77f55d4f30fed4f79fb977cc1a97036ff53ec69edeb881?s=96&d=mm&r=g\",\"url\":\"https:\\\/\\\/secure.gravatar.com\\\/avatar\\\/f68fa8d4324568242a77f55d4f30fed4f79fb977cc1a97036ff53ec69edeb881?s=96&d=mm&r=g\",\"contentUrl\":\"https:\\\/\\\/secure.gravatar.com\\\/avatar\\\/f68fa8d4324568242a77f55d4f30fed4f79fb977cc1a97036ff53ec69edeb881?s=96&d=mm&r=g\",\"caption\":\"admin\"},\"logo\":{\"@id\":\"https:\\\/\\\/secure.gravatar.com\\\/avatar\\\/f68fa8d4324568242a77f55d4f30fed4f79fb977cc1a97036ff53ec69edeb881?s=96&d=mm&r=g\"},\"sameAs\":[\"http:\\\/\\\/www.sahidimolsun.com\"]}]}<\/script>\n<!-- \/ Yoast SEO plugin. -->","yoast_head_json":{"title":"H\u00fczmeze 7 - sahidimolsun","robots":{"index":"index","follow":"follow","max-snippet":"max-snippet:-1","max-image-preview":"max-image-preview:large","max-video-preview":"max-video-preview:-1"},"canonical":"http:\/\/www.sahidimolsun.com\/index.php\/huzmeze-7\/","og_locale":"tr_TR","og_type":"article","og_title":"H\u00fczmeze 7 - sahidimolsun","og_description":"O (ate\u015f) ki kalplerin \u00fczerinde y\u00fckselir. Ate\u015f ile kalp aras\u0131nda bir ili\u015fki olup olmad\u0131\u011f\u0131 sorusu, ilk bak\u0131\u015fta mecaz gibi g\u00f6r\u00fcn\u00fcyor. Ancak biraz detaya indi\u011fimde, bu ili\u015fkinin yaln\u0131zca mecaz olmad\u0131\u011f\u0131n\u0131, fizyolojik ve fiziksel bir kar\u015f\u0131l\u0131\u011f\u0131n\u0131n da bulunabilece\u011fine kanaat getirdim. S\u00f6z konusu olan ate\u015f, bildi\u011fimiz kimyasal yanma ate\u015fi olmayabilir. Kalpte s\u00f6z konusu olan, elektriksel mikro k\u0131v\u0131lc\u0131mlar \u015feklinde [&hellip;]","og_url":"http:\/\/www.sahidimolsun.com\/index.php\/huzmeze-7\/","og_site_name":"sahidimolsun","article_modified_time":"2026-01-11T13:27:06+00:00","og_image":[{"url":"https:\/\/www.sahidimolsun.com\/wp-content\/uploads\/2026\/01\/kapl-elektromanyetik.jpg","type":"","width":"","height":""}],"twitter_card":"summary_large_image","twitter_misc":{"Tahmini okuma s\u00fcresi":"3 dakika"},"schema":{"@context":"https:\/\/schema.org","@graph":[{"@type":"WebPage","@id":"http:\/\/www.sahidimolsun.com\/index.php\/huzmeze-7\/","url":"http:\/\/www.sahidimolsun.com\/index.php\/huzmeze-7\/","name":"H\u00fczmeze 7 - sahidimolsun","isPartOf":{"@id":"https:\/\/www.sahidimolsun.com\/#website"},"primaryImageOfPage":{"@id":"http:\/\/www.sahidimolsun.com\/index.php\/huzmeze-7\/#primaryimage"},"image":{"@id":"http:\/\/www.sahidimolsun.com\/index.php\/huzmeze-7\/#primaryimage"},"thumbnailUrl":"https:\/\/www.sahidimolsun.com\/wp-content\/uploads\/2026\/01\/kapl-elektromanyetik.jpg","datePublished":"2026-01-11T13:27:05+00:00","dateModified":"2026-01-11T13:27:06+00:00","breadcrumb":{"@id":"http:\/\/www.sahidimolsun.com\/index.php\/huzmeze-7\/#breadcrumb"},"inLanguage":"tr","potentialAction":[{"@type":"ReadAction","target":["http:\/\/www.sahidimolsun.com\/index.php\/huzmeze-7\/"]}]},{"@type":"ImageObject","inLanguage":"tr","@id":"http:\/\/www.sahidimolsun.com\/index.php\/huzmeze-7\/#primaryimage","url":"https:\/\/www.sahidimolsun.com\/wp-content\/uploads\/2026\/01\/kapl-elektromanyetik.jpg","contentUrl":"https:\/\/www.sahidimolsun.com\/wp-content\/uploads\/2026\/01\/kapl-elektromanyetik.jpg","width":794,"height":511},{"@type":"BreadcrumbList","@id":"http:\/\/www.sahidimolsun.com\/index.php\/huzmeze-7\/#breadcrumb","itemListElement":[{"@type":"ListItem","position":1,"name":"Anasayfa","item":"https:\/\/www.sahidimolsun.com\/"},{"@type":"ListItem","position":2,"name":"H\u00fczmeze 7"}]},{"@type":"WebSite","@id":"https:\/\/www.sahidimolsun.com\/#website","url":"https:\/\/www.sahidimolsun.com\/","name":"sahidimolsun","description":"Ayetlerdeki kelimelerin d&uuml;\u015f&uuml;nd&uuml;rd&uuml;kleri","publisher":{"@id":"https:\/\/www.sahidimolsun.com\/#\/schema\/person\/3ab0394aa0043f76650470c8e3a342ff"},"potentialAction":[{"@type":"SearchAction","target":{"@type":"EntryPoint","urlTemplate":"https:\/\/www.sahidimolsun.com\/?s={search_term_string}"},"query-input":{"@type":"PropertyValueSpecification","valueRequired":true,"valueName":"search_term_string"}}],"inLanguage":"tr"},{"@type":["Person","Organization"],"@id":"https:\/\/www.sahidimolsun.com\/#\/schema\/person\/3ab0394aa0043f76650470c8e3a342ff","name":"admin","image":{"@type":"ImageObject","inLanguage":"tr","@id":"https:\/\/secure.gravatar.com\/avatar\/f68fa8d4324568242a77f55d4f30fed4f79fb977cc1a97036ff53ec69edeb881?s=96&d=mm&r=g","url":"https:\/\/secure.gravatar.com\/avatar\/f68fa8d4324568242a77f55d4f30fed4f79fb977cc1a97036ff53ec69edeb881?s=96&d=mm&r=g","contentUrl":"https:\/\/secure.gravatar.com\/avatar\/f68fa8d4324568242a77f55d4f30fed4f79fb977cc1a97036ff53ec69edeb881?s=96&d=mm&r=g","caption":"admin"},"logo":{"@id":"https:\/\/secure.gravatar.com\/avatar\/f68fa8d4324568242a77f55d4f30fed4f79fb977cc1a97036ff53ec69edeb881?s=96&d=mm&r=g"},"sameAs":["http:\/\/www.sahidimolsun.com"]}]}},"_links":{"self":[{"href":"https:\/\/www.sahidimolsun.com\/index.php\/wp-json\/wp\/v2\/pages\/32","targetHints":{"allow":["GET"]}}],"collection":[{"href":"https:\/\/www.sahidimolsun.com\/index.php\/wp-json\/wp\/v2\/pages"}],"about":[{"href":"https:\/\/www.sahidimolsun.com\/index.php\/wp-json\/wp\/v2\/types\/page"}],"author":[{"embeddable":true,"href":"https:\/\/www.sahidimolsun.com\/index.php\/wp-json\/wp\/v2\/users\/1"}],"replies":[{"embeddable":true,"href":"https:\/\/www.sahidimolsun.com\/index.php\/wp-json\/wp\/v2\/comments?post=32"}],"version-history":[{"count":1,"href":"https:\/\/www.sahidimolsun.com\/index.php\/wp-json\/wp\/v2\/pages\/32\/revisions"}],"predecessor-version":[{"id":35,"href":"https:\/\/www.sahidimolsun.com\/index.php\/wp-json\/wp\/v2\/pages\/32\/revisions\/35"}],"wp:attachment":[{"href":"https:\/\/www.sahidimolsun.com\/index.php\/wp-json\/wp\/v2\/media?parent=32"}],"curies":[{"name":"wp","href":"https:\/\/api.w.org\/{rel}","templated":true}]}}